{"id":1530,"date":"2020-10-21T19:25:05","date_gmt":"2020-10-21T19:25:05","guid":{"rendered":"https:\/\/avadawebsites.wpengine.com\/psychology\/?page_id=1530"},"modified":"2026-01-04T18:11:26","modified_gmt":"2026-01-04T17:11:26","slug":"contact-2","status":"publish","type":"page","link":"https:\/\/franckosswald.com\/index.php\/contact-2\/","title":{"rendered":"Contact"},"content":{"rendered":"<p><div class=\"fusion-fullwidth fullwidth-box fusion-builder-row-1 fusion-flex-container nonhundred-percent-fullwidth non-hundred-percent-height-scrolling\" style=\"--awb-background-position:center top;--awb-background-repeat:repeat-x;--awb-border-sizes-left:3vw;--awb-border-sizes-right:3vw;--awb-border-color:var(--awb-color1);--awb-border-radius-top-left:0px;--awb-border-radius-top-right:0px;--awb-border-radius-bottom-right:0px;--awb-border-radius-bottom-left:0px;--awb-padding-top:0px;--awb-padding-right:7vw;--awb-padding-bottom:10vw;--awb-padding-left:7vw;--awb-padding-bottom-medium:8vw;--awb-padding-bottom-small:14vw;--awb-margin-bottom:0px;--awb-background-color:var(--awb-color7);--awb-flex-wrap:wrap;\" ><div class=\"fusion-builder-row fusion-row fusion-flex-align-items-flex-start fusion-flex-content-wrap\" style=\"max-width:calc( 1300px + 7vw );margin-left: calc(-7vw \/ 2 );margin-right: calc(-7vw \/ 2 );\"><div class=\"fusion-layout-column fusion_builder_column fusion-builder-column-0 fusion_builder_column_3_5 3_5 fusion-flex-column fusion-animated\" style=\"--awb-bg-size:cover;--awb-width-large:60%;--awb-margin-top-large:0px;--awb-spacing-right-large:calc( 0.083333333333333 * calc( 100% - 7vw ) );--awb-margin-bottom-large:0px;--awb-spacing-left-large:3.5vw;--awb-width-medium:60%;--awb-spacing-right-medium:calc( 0.083333333333333 * calc( 100% - 7vw ) );--awb-spacing-left-medium:3.5vw;--awb-width-small:100%;--awb-spacing-right-small:3.5vw;--awb-margin-bottom-small:9vw;--awb-spacing-left-small:3.5vw;\" data-animationType=\"fadeInUp\" data-animationDuration=\"1.3\" data-animationOffset=\"top-into-view\"><div class=\"fusion-column-wrapper fusion-column-has-shadow fusion-flex-justify-content-center fusion-content-layout-column\"><div class=\"fusion-form fusion-form-builder fusion-form-form-wrapper fusion-form-1628\" style=\"--awb-tooltip-text-color:#ffffff;--awb-tooltip-background-color:#333333;--awb-form-label-color:var(--awb-color1);--awb-form-border-color:rgba(226,226,226,0);\" data-form-id=\"1628\" data-config=\"{&quot;form_id&quot;:&quot;1628&quot;,&quot;form_post_id&quot;:&quot;1628&quot;,&quot;post_id&quot;:1530,&quot;form_type&quot;:&quot;ajax&quot;,&quot;confirmation_type&quot;:&quot;message&quot;,&quot;redirect_url&quot;:&quot;&quot;,&quot;field_labels&quot;:{&quot;first_name&quot;:&quot;Pr\\u00e9nom&quot;,&quot;telephone&quot;:&quot;T\\u00e9l\\u00e9phone&quot;,&quot;last_name&quot;:&quot;Nom&quot;,&quot;email_address&quot;:&quot;Adresse email&quot;,&quot;message&quot;:&quot;Message&quot;},&quot;field_logics&quot;:{&quot;first_name&quot;:&quot;&quot;,&quot;telephone&quot;:&quot;&quot;,&quot;last_name&quot;:&quot;&quot;,&quot;email_address&quot;:&quot;&quot;,&quot;message&quot;:&quot;&quot;,&quot;notice_1&quot;:&quot;&quot;},&quot;field_types&quot;:{&quot;first_name&quot;:&quot;text&quot;,&quot;telephone&quot;:&quot;phone_number&quot;,&quot;last_name&quot;:&quot;text&quot;,&quot;email_address&quot;:&quot;email&quot;,&quot;message&quot;:&quot;textarea&quot;,&quot;notice_1&quot;:&quot;notice&quot;,&quot;submit_1&quot;:&quot;submit&quot;},&quot;nonce_method&quot;:&quot;ajax&quot;}\"><form action=\"https:\/\/franckosswald.com\/index.php\/contact-2\/\" method=\"post\" class=\"fusion-form fusion-form-1628\"><div class=\"fusion-fullwidth fullwidth-box fusion-builder-row-1-1 fusion-flex-container nonhundred-percent-fullwidth non-hundred-percent-height-scrolling\" style=\"--awb-border-radius-top-left:0px;--awb-border-radius-top-right:0px;--awb-border-radius-bottom-right:0px;--awb-border-radius-bottom-left:0px;--awb-padding-top:0px;--awb-padding-right:0px;--awb-padding-bottom:0px;--awb-padding-left:0px;--awb-margin-top:0px;--awb-margin-bottom:0px;--awb-flex-wrap:wrap;\" ><div class=\"fusion-builder-row fusion-row fusion-flex-align-items-flex-start fusion-flex-content-wrap\" style=\"width:103% !important;max-width:103% !important;margin-left: calc(-3% \/ 2 );margin-right: calc(-3% \/ 2 );\"><div class=\"fusion-layout-column fusion_builder_column fusion-builder-column-1 fusion_builder_column_1_2 1_2 fusion-flex-column\" style=\"--awb-bg-size:cover;--awb-width-large:50%;--awb-margin-top-large:0px;--awb-spacing-right-large:2.91%;--awb-margin-bottom-large:0px;--awb-spacing-left-large:2.91%;--awb-width-medium:50%;--awb-order-medium:0;--awb-spacing-right-medium:2.91%;--awb-spacing-left-medium:2.91%;--awb-width-small:100%;--awb-order-small:0;--awb-spacing-right-small:1.455%;--awb-spacing-left-small:1.455%;\"><div class=\"fusion-column-wrapper fusion-column-has-shadow fusion-flex-justify-content-flex-start fusion-content-layout-column\"><div class=\"fusion-form-field fusion-form-text-field fusion-form-label-above\" style=\"\" data-form-id=\"1628\"><div class=\"fusion-form-label-wrapper\"><label for=\"first_name\">Pr\u00e9nom <abbr class=\"fusion-form-element-required\" title=\"required\">*<\/abbr><\/label><\/div><input type=\"text\" name=\"first_name\" id=\"first_name\" value=\"\"  class=\"fusion-form-input\" required=\"true\" aria-required=\"true\" placeholder=\"John*\" data-holds-private-data=\"false\" minlength=\"0\"\/><\/div><div class=\"fusion-form-field fusion-form-phone-number-field fusion-form-label-above\" style=\"\" data-form-id=\"1628\"><div class=\"fusion-form-label-wrapper\"><label for=\"telephone\">T\u00e9l\u00e9phone <abbr class=\"fusion-form-element-required\" title=\"required\">*<\/abbr><\/label><\/div><div class=\"fusion-form-input-with-icon\"><i class=\"awb-form-icon fa-phone-square-alt fas\"><\/i><input type=\"tel\" name=\"telephone\" id=\"telephone\" value=\"\"  class=\"fusion-form-input\" required=\"true\" aria-required=\"true\" placeholder=\"06 xx xx xx xx*\" data-holds-private-data=\"false\"\/><\/div><\/div><\/div><\/div><div class=\"fusion-layout-column fusion_builder_column fusion-builder-column-2 fusion_builder_column_1_2 1_2 fusion-flex-column\" style=\"--awb-bg-size:cover;--awb-width-large:50%;--awb-margin-top-large:0px;--awb-spacing-right-large:2.91%;--awb-margin-bottom-large:0px;--awb-spacing-left-large:2.91%;--awb-width-medium:50%;--awb-order-medium:0;--awb-spacing-right-medium:2.91%;--awb-spacing-left-medium:2.91%;--awb-width-small:100%;--awb-order-small:0;--awb-spacing-right-small:1.455%;--awb-spacing-left-small:1.455%;\"><div class=\"fusion-column-wrapper fusion-column-has-shadow fusion-flex-justify-content-flex-start fusion-content-layout-column\"><div class=\"fusion-form-field fusion-form-text-field fusion-form-label-above\" style=\"\" data-form-id=\"1628\"><div class=\"fusion-form-label-wrapper\"><label for=\"last_name\">Nom<\/label><\/div><input type=\"text\" name=\"last_name\" id=\"last_name\" value=\"\"  class=\"fusion-form-input\" placeholder=\"Doe\" data-holds-private-data=\"false\" minlength=\"0\"\/><\/div><div class=\"fusion-form-field fusion-form-email-field fusion-form-label-above\" style=\"\" data-form-id=\"1628\"><div class=\"fusion-form-label-wrapper\"><label for=\"email_address\">Adresse email <abbr class=\"fusion-form-element-required\" title=\"required\">*<\/abbr><\/label><\/div><input type=\"email\" name=\"email_address\" id=\"email_address\" value=\"\"  class=\"fusion-form-input\" required=\"true\" aria-required=\"true\" placeholder=\"john.doe@exemple.com*\" data-holds-private-data=\"false\"\/><\/div><\/div><\/div><div class=\"fusion-layout-column fusion_builder_column fusion-builder-column-3 fusion_builder_column_1_1 1_1 fusion-flex-column\" style=\"--awb-bg-size:cover;--awb-width-large:100%;--awb-margin-top-large:0px;--awb-spacing-right-large:1.455%;--awb-margin-bottom-large:0px;--awb-spacing-left-large:1.455%;--awb-width-medium:100%;--awb-order-medium:0;--awb-spacing-right-medium:1.455%;--awb-spacing-left-medium:1.455%;--awb-width-small:100%;--awb-order-small:0;--awb-spacing-right-small:1.455%;--awb-spacing-left-small:1.455%;\"><div class=\"fusion-column-wrapper fusion-column-has-shadow fusion-flex-justify-content-flex-start fusion-content-layout-column\"><div class=\"fusion-form-field fusion-form-textarea-field fusion-form-label-above\" style=\"\" data-form-id=\"1628\"><label for=\"message\">Message <abbr class=\"fusion-form-element-required\" title=\"required\">*<\/abbr><\/label><textarea cols=\"40\"  minlength=\"0\"  rows=\"4\" tabindex=\"\" id=\"message\" name=\"message\" class=\"fusion-form-input\" required=\"true\" aria-required=\"true\" placeholder=\"Votre message ici*\" data-holds-private-data=\"false\"><\/textarea><\/div><div class=\"form-submission-notices data-notice_1\" id=\"fusion-notices-1\"><div class=\"fusion-alert alert success alert-success fusion-alert-center fusion-form-response fusion-form-response-success awb-alert-native-link-color alert-dismissable awb-alert-close-boxed\" role=\"alert\"><div class=\"fusion-alert-content-wrapper\"><span class=\"alert-icon\"><i class=\"awb-icon-check-circle\" aria-hidden=\"true\"><\/i><\/span><span class=\"fusion-alert-content\">Merci pour votre message. Il a \u00e9t\u00e9 envoy\u00e9.<\/span><\/div><button type=\"button\" class=\"close toggle-alert\" data-dismiss=\"alert\" aria-label=\"Close\">&times;<\/button><\/div><div class=\"fusion-alert alert error alert-danger fusion-alert-center fusion-form-response fusion-form-response-error awb-alert-native-link-color alert-dismissable awb-alert-close-boxed\" role=\"alert\"><div class=\"fusion-alert-content-wrapper\"><span class=\"alert-icon\"><i class=\"awb-icon-exclamation-triangle\" aria-hidden=\"true\"><\/i><\/span><span class=\"fusion-alert-content\">Une erreur s'est produite lors de l'envoi de votre message. Veuillez r\u00e9essayer ult\u00e9rieurement.<\/span><\/div><button type=\"button\" class=\"close toggle-alert\" data-dismiss=\"alert\" aria-label=\"Close\">&times;<\/button><\/div><\/div><div class=\"fusion-form-field fusion-form-submit-field fusion-form-label-above\" style=\"\" data-form-id=\"1628\"><div ><button type=\"submit\" class=\"fusion-button button-flat button-xlarge button-custom fusion-button-default button-1 fusion-button-default-span  form-form-submit button-default\" style=\"--button_accent_color:var(--awb-color1);--button_accent_hover_color:var(--awb-color1);--button_border_hover_color:var(--awb-color1);--button_gradient_top_color:var(--awb-color5);--button_gradient_bottom_color:var(--awb-color5);--button_gradient_top_color_hover:hsla(var(--awb-color7-h),var(--awb-color7-s),calc( var(--awb-color7-l) + 4% ),var(--awb-color7-a));--button_gradient_bottom_color_hover:hsla(var(--awb-color7-h),var(--awb-color7-s),calc( var(--awb-color7-l) + 4% ),var(--awb-color7-a));\" data-form-number=\"1628\" tabindex=\"\"><span class=\"fusion-button-text\">Envoyer<\/span><\/button><\/div><\/div><\/div><\/div><\/div><\/div><\/form><\/div><\/div><\/div><div class=\"fusion-layout-column fusion_builder_column fusion-builder-column-4 fusion_builder_column_2_5 2_5 fusion-flex-column fusion-animated\" style=\"--awb-bg-size:cover;--awb-width-large:40%;--awb-margin-top-large:0px;--awb-spacing-right-large:calc( 0.125 * calc( 100% - 7vw ) );--awb-margin-bottom-large:0px;--awb-spacing-left-large:3.5vw;--awb-width-medium:40%;--awb-spacing-right-medium:calc( 0.125 * calc( 100% - 7vw ) );--awb-spacing-left-medium:3.5vw;--awb-width-small:100%;--awb-spacing-right-small:3.5vw;--awb-spacing-left-small:3.5vw;\" data-animationType=\"fadeInUp\" data-animationDuration=\"1.3\" data-animationOffset=\"top-into-view\"><div class=\"fusion-column-wrapper fusion-column-has-shadow fusion-flex-justify-content-center fusion-content-layout-column\"><div class=\"fusion-text fusion-text-1\" style=\"--awb-content-alignment:left;--awb-font-size:var(--awb-typography2-font-size);--awb-line-height:var(--awb-typography2-line-height);--awb-letter-spacing:var(--awb-typography2-letter-spacing);--awb-text-transform:var(--awb-typography2-text-transform);--awb-text-color:var(--awb-color1);--awb-text-font-family:var(--awb-typography2-font-family);--awb-text-font-weight:var(--awb-typography2-font-weight);--awb-text-font-style:var(--awb-typography2-font-style);\"><p>HYPNOSE ERICKSONIENNE &amp; PNL<\/p>\n<\/div><div class=\"fusion-text fusion-text-2\" style=\"--awb-content-alignment:left;--awb-font-size:17px;--awb-text-color:var(--awb-color1);\"><p>ATTENTION: un bug informatique ne me permet pas de recevoir mes mails depuis ce site internet. Veuillez m&rsquo;\u00e9crire \u00e0 l&rsquo;adresse mail suivante: osswald.franck@gmail.com ou bien me contacter \u00e0 ce num\u00e9ro: 0686958131 (appels, sms ou what&rsquo;s app)<\/p>\n<p>Fort de 20 ans d\u2019exp\u00e9rience en hypnose ericksonienne et PNL, d\u2019abord en tant que b\u00e9n\u00e9vole, puis en cabinet, je vous guide dans votre d\u00e9marche de transformation personnelle et professionnelle. Mon approche allie hypnose, d\u00e9veloppement personnel et mentoring pour vous aider \u00e0 atteindre vos objectifs et r\u00e9v\u00e9ler votre plein potentiel.<\/p>\n<\/div><\/div><\/div><\/div><\/div><div class=\"fusion-fullwidth fullwidth-box fusion-builder-row-2 fusion-flex-container has-pattern-background has-mask-background nonhundred-percent-fullwidth non-hundred-percent-height-scrolling\" style=\"--awb-border-radius-top-left:0px;--awb-border-radius-top-right:0px;--awb-border-radius-bottom-right:0px;--awb-border-radius-bottom-left:0px;--awb-flex-wrap:wrap;\" ><div class=\"fusion-builder-row fusion-row fusion-flex-align-items-flex-start fusion-flex-content-wrap\" style=\"max-width:1365px;margin-left: calc(-5% \/ 2 );margin-right: calc(-5% \/ 2 );\"><div class=\"fusion-layout-column fusion_builder_column fusion-builder-column-5 fusion_builder_column_1_1 1_1 fusion-flex-column\" style=\"--awb-bg-size:cover;--awb-width-large:100%;--awb-margin-top-large:0px;--awb-spacing-right-large:2.375%;--awb-margin-bottom-large:20px;--awb-spacing-left-large:2.375%;--awb-width-medium:100%;--awb-order-medium:0;--awb-spacing-right-medium:2.375%;--awb-spacing-left-medium:2.375%;--awb-width-small:100%;--awb-order-small:0;--awb-spacing-right-small:2.375%;--awb-spacing-left-small:2.375%;\"><div class=\"fusion-column-wrapper fusion-column-has-shadow fusion-flex-justify-content-flex-start fusion-content-layout-column\"><div class=\"fusion-testimonials clean awb-speech-bubble-show fusion-testimonials-1\" style=\"--awb-name-company-text-color:#686868;--awb-name-company-font-size:15px;--awb-name-company-line-height:1.5;--awb-name-company-letter-spacing:-0.015em;--awb-name-company-text-transform:var(--awb-typography5-text-transform);--awb-textcolor:#424242;--awb-testimonial-text-font-size:17px;--awb-testimonial-text-line-height:1.8;--awb-testimonial-text-letter-spacing:-0.015em;--awb-testimonial-text-text-transform:var(--awb-typography4-text-transform);--awb-backgroundcolor:#f9f6f1;--awb-margin-top:0px;--awb-margin-right:200px;--awb-margin-bottom:0px;--awb-margin-left:200px;--awb-testimonial-border-style:dashed;--awb-testimonial-border-color:#d4d0c9;--awb-navigation-size:8px;--awb-navigation-color:#dd4646;--awb-border-top-left-radius:20px;--awb-border-top-right-radius:20px;--awb-border-bottom-left-radius:20px;--awb-border-bottom-right-radius:20px;--testimonial-border-width-top:1px;--testimonial-border-width-right:1px;--testimonial-border-width-bottom:1px;--testimonial-border-width-left:1px;--awb-testimonial-text-font-family:&quot;Inter&quot;;--awb-testimonial-text-font-style:normal;--awb-testimonial-text-font-weight:400;--awb-name-company-font-family:&quot;Inter&quot;;--awb-name-company-font-style:normal;--awb-name-company-font-weight:400;\" data-random=\"0\" data-speed=\"7000\"><div class=\"reviews\"><div class=\"review active-testimonial avatar-above male\" style=\"--awb-avatar-size:80px;\"><div class=\"testimonial-thumbnail doe\"><\/div><blockquote class=\"testimonials-shortcode-blockquote\"><div class=\"awb-quote\"><div class=\"awb-quote-content\">\n<p style=\"padding: 20px; text-align: center;\">Au del\u00e0 de l&rsquo;humain, Franck est un praticien hors norme.<br \/>\nUne vrai encyclop\u00e9die vivante et en plus de \u00e7a, il prend vraiment le temps. Je recommande<\/p>\n<\/div><\/div><\/blockquote><div class=\"author\"><span class=\"company-name\"><strong>Martial B.<\/strong><\/span><\/div><\/div><div class=\"review avatar-above female\" style=\"--awb-avatar-size:80px;\"><div class=\"testimonial-thumbnail doe\"><\/div><blockquote class=\"testimonials-shortcode-blockquote\"><div class=\"awb-quote\"><div class=\"awb-quote-content\">\n<p style=\"padding: 20px; text-align: center;\">Je recommande Franck. J\u2019ai eu recours \u00e0 de l\u2019hypnose afin de pr\u00e9parer sereinement une op\u00e9ration car j\u2019\u00e9tais hyper stress\u00e9e. Cette s\u00e9ance m\u2019a beaucoup aid\u00e9e au moment du r\u00e9veil et apr\u00e8s l\u2019op\u00e9ration.<\/p>\n<\/div><\/div><\/blockquote><div class=\"author\"><span class=\"company-name\"><strong>Lucille DL<\/strong><\/span><\/div><\/div><div class=\"review avatar-above female\" style=\"--awb-avatar-size:80px;\"><div class=\"testimonial-thumbnail doe\"><\/div><blockquote class=\"testimonials-shortcode-blockquote\"><div class=\"awb-quote\"><div class=\"awb-quote-content\">\n<p style=\"padding: 20px; text-align: center;\">J&rsquo;ai pris plusieurs rendez-vous avec franck .<br \/>\nLes quelques s\u00e9ances pass\u00e9es mon apais\u00e9e.<br \/>\nJe m&rsquo;attendais pas a un tel bien \u00eatre.<br \/>\nIl m&rsquo;a montr\u00e9 une perception de la vie bien plus plaisante et , surtout, les clefs pour y arriver.<\/p>\n<p>Un grand merci<\/p>\n<\/div><\/div><\/blockquote><div class=\"author\"><span class=\"company-name\"><strong>C\u00e9line M.<\/strong><\/span><\/div><\/div><div class=\"review avatar-above male\"><div class=\"testimonial-thumbnail doe\"><\/div><blockquote class=\"testimonials-shortcode-blockquote\"><div class=\"awb-quote\"><div class=\"awb-quote-content\">\n<p style=\"text-align: center;\">Franck est un excellent praticien parce qu\u2019il est une personne sinc\u00e8rement \u00e0 l\u2019\u00e9coute et dont l\u2019intention d\u2019accompagner me semble authentique. Son enthousiasme et son pragmatisme m\u2019ont toujours aid\u00e9 \u00e0 relativiser certaines situations lors de p\u00e9riodes plut\u00f4t floues. Encore aujourd\u2019hui, ses conseils m\u2019aident lorsque je doute, car je repense \u00e0 nos \u00e9changes tr\u00e8s constructifs et pr\u00e9cieux.<\/p>\n<p>Dans sa mani\u00e8re d\u2019aborder les choses, Franck a la capacit\u00e9 de nous ramener vers la conscience que nous avons de nos propres forces et surtout il aide \u00e0 se rappeler ce que nous savons d\u00e9j\u00e0, et que tout est possible.<\/p>\n<p>Je recommande les personnes qui recherchent un accompagnement honn\u00eate et d\u00e9vou\u00e9 \u00e0 rencontrer Franck, car c\u2019est toujours une occasion d\u2019\u00e9voluer. Dans le domaine de l\u2019accompagnement, Franck est un professionnel que toute personne ayant ce besoin m\u00e9rite de rencontrer.<\/p>\n<\/div><\/div><\/blockquote><div class=\"author\"><span class=\"company-name\"><strong>Lo\u00efc C<\/strong><\/span><\/div><\/div><div class=\"review avatar-above female\"><div class=\"testimonial-thumbnail doe\"><\/div><blockquote class=\"testimonials-shortcode-blockquote\"><div class=\"awb-quote\"><div class=\"awb-quote-content\">\n<p style=\"text-align: center;\">Je souhaite t\u00e9moigner de la qualit\u00e9 humaine dont Franck Osswald fait preuve lorsqu&rsquo;il m&rsquo;a re\u00e7ue.<br \/>\nJe me suis vite sentie accueillie, avec une r\u00e9elle \u00e9coute attentive. Son regard est bienveillant, sans jugement.<br \/>\nIl est pour moi une r\u00e9f\u00e9rence en la mati\u00e8re de part ses connaissances, son exp\u00e9rience et sa p\u00e9dagogie.tout \u00e7a avec humilit\u00e9, simplicit\u00e9<br \/>\n\u00c7a a permis une belle ouverture d&rsquo;esprit, et des compr\u00e9hensions ont \u00e9merg\u00e9.<\/p>\n<\/div><\/div><\/blockquote><div class=\"author\"><span class=\"company-name\"><strong>Elisabeth C<\/strong><\/span><\/div><\/div><div class=\"review avatar-above female\"><div class=\"testimonial-thumbnail doe\"><\/div><blockquote class=\"testimonials-shortcode-blockquote\"><div class=\"awb-quote\"><div class=\"awb-quote-content\">\n<p style=\"text-align: center;\">Excellent th\u00e9rapeute. Franck est \u00e0 l\u2019\u00e9coute, empathique et disponible en plus d\u2019\u00eatre efficace dans son domaine de comp\u00e9tence\u2026 l\u2019hypnose ! Je recommande +++<br \/>\nMerci encore de votre aide<\/p>\n<\/div><\/div><\/blockquote><div class=\"author\"><span class=\"company-name\"><strong>Nad\u00e8ge V.<\/strong><\/span><\/div><\/div><div class=\"review avatar-above female\"><div class=\"testimonial-thumbnail doe\"><\/div><blockquote class=\"testimonials-shortcode-blockquote\"><div class=\"awb-quote\"><div class=\"awb-quote-content\">\n<p style=\"text-align: center;\">Franck est un praticien formidable, parce qu&rsquo;il est humain, int\u00e9ressant, cultiv\u00e9 et qu&rsquo;il partage ses connaissances pour nous en faire b\u00e9n\u00e9ficier. Il est remarquable je vous le conseille chaudement, il m&rsquo;a aid\u00e9 \u00e0 soigner des petits troubles et des plus grands tracas, merci \u00e0 lui&#8230;.<\/p>\n<\/div><\/div><\/blockquote><div class=\"author\"><span class=\"company-name\"><strong>Ya\u00ebl M.<\/strong><\/span><\/div><\/div><div class=\"review avatar-above male\"><div class=\"testimonial-thumbnail doe\"><\/div><blockquote class=\"testimonials-shortcode-blockquote\"><div class=\"awb-quote\"><div class=\"awb-quote-content\">\n<p style=\"text-align: center;\">Franck est un th\u00e9rapeute en or , sinc\u00e8re , honn\u00eate, calme, \u00e0 l\u2019\u00e9coute et sans aucun jugement .<br \/>\nIl a plein de connaissances en tellement de sujets , (il a une biblioth\u00e8que \u00e0 l\u2019int\u00e9rieur de lui) , il trouve les bons mots et en plus il est dr\u00f4le . Allez-y , prenez rendez-vous, vous avez trouvez la perle rare .<\/p>\n<\/div><\/div><\/blockquote><div class=\"author\"><span class=\"company-name\"><strong>In\u00e8s G.<\/strong><\/span><\/div><\/div><\/div><div class=\"testimonial-pagination\" id=\"fusion-testimonials-1\"><a href=\"#\" aria-label=\"Testimonial Pagination\"  class=\"activeSlide\"><\/a><a href=\"#\" aria-label=\"Testimonial Pagination\" ><\/a><a href=\"#\" aria-label=\"Testimonial Pagination\" ><\/a><a href=\"#\" aria-label=\"Testimonial Pagination\" ><\/a><a href=\"#\" aria-label=\"Testimonial Pagination\" ><\/a><a href=\"#\" aria-label=\"Testimonial Pagination\" ><\/a><a href=\"#\" aria-label=\"Testimonial Pagination\" ><\/a><a href=\"#\" aria-label=\"Testimonial Pagination\" ><\/a><\/div><\/div><\/div><\/div><\/div><\/div><\/p>\n","protected":false},"excerpt":{"rendered":"","protected":false},"author":1,"featured_media":1715,"parent":0,"menu_order":0,"comment_status":"closed","ping_status":"closed","template":"100-width.php","meta":{"footnotes":""},"class_list":["post-1530","page","type-page","status-publish","has-post-thumbnail","hentry"],"jetpack_sharing_enabled":true,"_links":{"self":[{"href":"https:\/\/franckosswald.com\/index.php\/wp-json\/wp\/v2\/pages\/1530","targetHints":{"allow":["GET"]}}],"collection":[{"href":"https:\/\/franckosswald.com\/index.php\/wp-json\/wp\/v2\/pages"}],"about":[{"href":"https:\/\/franckosswald.com\/index.php\/wp-json\/wp\/v2\/types\/page"}],"author":[{"embeddable":true,"href":"https:\/\/franckosswald.com\/index.php\/wp-json\/wp\/v2\/users\/1"}],"replies":[{"embeddable":true,"href":"https:\/\/franckosswald.com\/index.php\/wp-json\/wp\/v2\/comments?post=1530"}],"version-history":[{"count":5,"href":"https:\/\/franckosswald.com\/index.php\/wp-json\/wp\/v2\/pages\/1530\/revisions"}],"predecessor-version":[{"id":2203,"href":"https:\/\/franckosswald.com\/index.php\/wp-json\/wp\/v2\/pages\/1530\/revisions\/2203"}],"wp:featuredmedia":[{"embeddable":true,"href":"https:\/\/franckosswald.com\/index.php\/wp-json\/wp\/v2\/media\/1715"}],"wp:attachment":[{"href":"https:\/\/franckosswald.com\/index.php\/wp-json\/wp\/v2\/media?parent=1530"}],"curies":[{"name":"wp","href":"https:\/\/api.w.org\/{rel}","templated":true}]}}