{"id":103,"date":"2024-06-24T10:39:07","date_gmt":"2024-06-24T08:39:07","guid":{"rendered":"https:\/\/franckosswald.com\/?page_id=103"},"modified":"2024-07-08T15:02:01","modified_gmt":"2024-07-08T13:02:01","slug":"mentions-legales","status":"publish","type":"page","link":"https:\/\/franckosswald.com\/index.php\/mentions-legales\/","title":{"rendered":"Mentions l\u00e9gales"},"content":{"rendered":"\n<h1 class=\"wp-block-heading\">Mentions L\u00e9gales<\/h1>\n\n\n\n<p class=\"has-medium-font-size\"><strong>FRANCK OSSWALD<\/strong><br>2 Sentier du Grain de Fer<br>77870 Vulaines sur Seine<br>T\u00e9l\u00e9phone 06 86 95 81 31<br>Adresse e-mail :&nbsp;osswald.franck@gmail.com<br><strong>SIREN: 520 524 224<\/strong><br>Code APE: 9609Z (Conseil en Accompagnement de Vie)<br>Nom du directeur de la publication :&nbsp;Franck Osswald<br><br><strong>Nom de l&rsquo;h\u00e9bergeur:<\/strong><br><strong> <\/strong>OVH<\/p>\n\n\n\n<p class=\"has-medium-font-size\">RCS Lille M\u00e9tropole 424 761 419 00045<br>Code APE 2620Z<br>N\u00b0 TVA : FR 22 424 761 419<br>Si\u00e8ge social : 2 rue Kellermann &#8211; 59100 Roubaix &#8211; France<\/p>\n\n\n\n<p class=\"has-medium-font-size\"><strong>MEDITATEUR <\/strong><\/p>\n\n\n\n<p class=\"has-medium-font-size\">La Commission Europ\u00e9enne met \u00e0 la disposition des consommateurs une plateforme en ligne de r\u00e8glement des litiges disponible \u00e0 cette adresse:\u00a0<a href=\"https:\/\/ec.europa.eu\/consumers\/odr\/\" target=\"_blank\" rel=\"noreferrer noopener\">https:\/\/ec.europa.eu\/consumers\/odr\/<\/a>. La plateforme permet aux consommateurs de r\u00e9soudre leurs litiges. Pour r\u00e9gler les litiges d\u00e9coulant d\u2019une relation contractuelle avec un consommateur ou pour d\u00e9terminer si une telle relation contractuelle existe r\u00e9ellement, nous sommes tenus de participer \u00e0 une proc\u00e9dure de r\u00e8glement des litiges devant un service de m\u00e9diation pour les litiges de consommation. Le service comp\u00e9tent est CNPM M\u00c9DIATION CONSOMMATION, 27 avenue de la lib\u00e9ration, 42400, Saint-Chamond, France, <a href=\"https:\/\/www.cnpm-mediation-consommation.eu\/\">https:\/\/www.cnpm-mediation-consommation.eu\/<\/a>. Nous participerons \u00e0 une proc\u00e9dure de r\u00e8glement des litiges devant ce service.<\/p>\n","protected":false},"excerpt":{"rendered":"<p>Mentions L\u00e9gales FRANCK OSSWALD2 Sentier du Grain de Fer77870 Vulaines [&hellip;]<\/p>\n","protected":false},"author":1,"featured_media":0,"parent":0,"menu_order":0,"comment_status":"closed","ping_status":"closed","template":"","meta":{"footnotes":""},"class_list":["post-103","page","type-page","status-publish","hentry"],"jetpack_sharing_enabled":true,"_links":{"self":[{"href":"https:\/\/franckosswald.com\/index.php\/wp-json\/wp\/v2\/pages\/103","targetHints":{"allow":["GET"]}}],"collection":[{"href":"https:\/\/franckosswald.com\/index.php\/wp-json\/wp\/v2\/pages"}],"about":[{"href":"https:\/\/franckosswald.com\/index.php\/wp-json\/wp\/v2\/types\/page"}],"author":[{"embeddable":true,"href":"https:\/\/franckosswald.com\/index.php\/wp-json\/wp\/v2\/users\/1"}],"replies":[{"embeddable":true,"href":"https:\/\/franckosswald.com\/index.php\/wp-json\/wp\/v2\/comments?post=103"}],"version-history":[{"count":3,"href":"https:\/\/franckosswald.com\/index.php\/wp-json\/wp\/v2\/pages\/103\/revisions"}],"predecessor-version":[{"id":390,"href":"https:\/\/franckosswald.com\/index.php\/wp-json\/wp\/v2\/pages\/103\/revisions\/390"}],"wp:attachment":[{"href":"https:\/\/franckosswald.com\/index.php\/wp-json\/wp\/v2\/media?parent=103"}],"curies":[{"name":"wp","href":"https:\/\/api.w.org\/{rel}","templated":true}]}}